{"id":1416,"date":"2012-03-01T16:09:06","date_gmt":"2012-03-01T14:09:06","guid":{"rendered":"http:\/\/www.vesna-bukovec.net\/eng\/?page_id=1416"},"modified":"2012-03-16T23:56:41","modified_gmt":"2012-03-16T21:56:41","slug":"ali-me-nocete-ker-sem-kriticna-do-you-not-want-me-because-im-critical","status":"publish","type":"page","link":"http:\/\/www.vesna-bukovec.net\/eng\/drawings\/ali-me-nocete-ker-sem-kriticna-do-you-not-want-me-because-im-critical","title":{"rendered":"Ali me no\u010dete, ker sem kriti\u010dna \/ Do you not want me, because I&#8217;m critical"},"content":{"rendered":"<p>Year: 2012<br \/>\nTechnique: series of 16 drawings, ink on paper, 21 x 29,7 cm<\/p>\n<p>In this new series of drawings, I deal with the paradoxical position of women who in various everyday life situations in contemporary society still often encounter disapproval and resistance. Today\u2019s stereotypical identity roles and their (un)acceptablity are conditioned by the male gaze which influences generally accepted standards of behaviour or social status. I have taken different clich\u00e9 images of women which have been reproduced from Internet-based \u201cstock\u201d photography archives, like the ones frequently utilised in the media and in advertising.<\/p>\n<p>The series was inspired by the comic strip Tinza, which Marko Poga\u010dnik published in <a href=\" http:\/\/www.dlib.si\/stream\/URN:NBN:SI:DOC-ETRW6TTY\/eb49be82-79ce-4f78-b716-7d989b5a872a\/PDF\" target=\"_blank\">Problemi [Problems] journal (No. 83-84, p. 692-702)<\/a> in 1969. During the sexual revolution, the author treated the visible &#8220;subject of woman&#8221; from a man\u2019s perspective and programmatically and simplistically dealt with clich\u00e9s, consumerism, and the imaginary constructs of desire.* The sexy naked woman in Poga\u010dnik\u2019s strip asks, do we not want her, because she loves airplanes, prostitutes, generals, press conferences, glass eyes, etc. The women in my drawings conclude that we do not want them because they are pregnant, naive, depressed, or want a higher salary.<\/p>\n<p>&#8212;<\/p>\n<p>*Mi\u0161ko \u0160uvakovi\u0107, Skrite zgodovine skupine OHO (The Clandestine Histories of the OHO Group, Slovenian edition), Zavod P.A.R.A.S.I.T.E., Ljubljana, 2009, p. 82. <\/p>\n<div style=\"height:20px\"><\/div>\n<p><a rel=\"lightbox[roadtrip]\" href=\"http:\/\/www.vesna-bukovec.net\/slike\/drawings\/ali-me-nocete\/bukovec-01.jpg\" title=\"Do you not want me, because I\u2019m naive\"><img decoding=\"async\" src=\"http:\/\/www.vesna-bukovec.net\/slike\/drawings\/ali-me-nocete\/bukovec-01_t.jpg\" alt=\"Do you not want me, because I\u2019m naive\"\/><\/a><\/p>\n<p><a rel=\"lightbox[roadtrip]\" href=\"http:\/\/www.vesna-bukovec.net\/slike\/drawings\/ali-me-nocete\/bukovec-02.jpg\" title=\"Do you not want me, because I live in poverty\"><img decoding=\"async\" src=\"http:\/\/www.vesna-bukovec.net\/slike\/drawings\/ali-me-nocete\/bukovec-02_t.jpg\" alt=\"Do you not want me, because I live in poverty\"  \/><\/a><\/p>\n<p><a rel=\"lightbox[roadtrip]\" href=\"http:\/\/www.vesna-bukovec.net\/slike\/drawings\/ali-me-nocete\/bukovec-03.jpg\" title=\"Do you not want me, because I\u2019m critical\"><img decoding=\"async\" src=\"http:\/\/www.vesna-bukovec.net\/slike\/drawings\/ali-me-nocete\/bukovec-03_t.jpg\" alt=\"Do you not want me, because I\u2019m critical\"  \/><\/a><\/p>\n<p><a rel=\"lightbox[roadtrip]\" href=\"http:\/\/www.vesna-bukovec.net\/slike\/drawings\/ali-me-nocete\/bukovec-04.jpg\" title=\"Do you not want me, because I return the glance\"><img decoding=\"async\" src=\"http:\/\/www.vesna-bukovec.net\/slike\/drawings\/ali-me-nocete\/bukovec-04_t.jpg\" alt=\"Do you not want me, because I return the glance\"  \/><\/a><\/p>\n<p><a rel=\"lightbox[roadtrip]\" href=\"http:\/\/www.vesna-bukovec.net\/slike\/drawings\/ali-me-nocete\/bukovec-05.jpg\" title=\"Do you not want me, because I\u2019m depressed\"><img decoding=\"async\" src=\"http:\/\/www.vesna-bukovec.net\/slike\/drawings\/ali-me-nocete\/bukovec-05_t.jpg\" alt=\"Do you not want me, because I\u2019m depressed\"  \/><\/a><\/p>\n<p><a rel=\"lightbox[roadtrip]\" href=\"http:\/\/www.vesna-bukovec.net\/slike\/drawings\/ali-me-nocete\/bukovec-06.jpg\" title=\"Do you not want me, because I want a higher salary\"><img decoding=\"async\" src=\"http:\/\/www.vesna-bukovec.net\/slike\/drawings\/ali-me-nocete\/bukovec-06_t.jpg\" alt=\"Do you not want me, because I want a higher salary\" title=\"Do you not want me, because I want a higher salary\" \/><\/a><\/p>\n<p><a rel=\"lightbox[roadtrip]\" href=\"http:\/\/www.vesna-bukovec.net\/slike\/drawings\/ali-me-nocete\/bukovec-07.jpg\" title=\"Do you not want me, because I have my own opinion\"><img decoding=\"async\" src=\"http:\/\/www.vesna-bukovec.net\/slike\/drawings\/ali-me-nocete\/bukovec-07_t.jpg\" alt=\"Do you not want me, because I have my own opinion\"  \/><\/a><\/p>\n<p><a rel=\"lightbox[roadtrip]\" href=\"http:\/\/www.vesna-bukovec.net\/slike\/drawings\/ali-me-nocete\/bukovec-08.jpg\" title=\"Do you not want me, because I\u2019m a woman\"><img decoding=\"async\" src=\"http:\/\/www.vesna-bukovec.net\/slike\/drawings\/ali-me-nocete\/bukovec-08_t.jpg\" alt=\"Do you not want me, because I\u2019m a woman\"  \/><\/a><\/p>\n<p><a rel=\"lightbox[roadtrip]\" href=\"http:\/\/www.vesna-bukovec.net\/slike\/drawings\/ali-me-nocete\/bukovec-09.jpg\" title=\"Do you not want me, because I don\u2019t have connections and acquaintances\"><img decoding=\"async\" src=\"http:\/\/www.vesna-bukovec.net\/slike\/drawings\/ali-me-nocete\/bukovec-09_t.jpg\" alt=\"Do you not want me, because I don\u2019t have connections and acquaintances\"  \/><\/a><\/p>\n<p><a rel=\"lightbox[roadtrip]\" href=\"http:\/\/www.vesna-bukovec.net\/slike\/drawings\/ali-me-nocete\/bukovec-10.jpg\" title=\"Do you not want me, because I\u2019m not young and beautiful\"><img decoding=\"async\" src=\"http:\/\/www.vesna-bukovec.net\/slike\/drawings\/ali-me-nocete\/bukovec-10_t.jpg\" alt=\"Do you not want me, because I\u2019m not young and beautiful\"  \/><\/a><\/p>\n<p><a rel=\"lightbox[roadtrip]\" href=\"http:\/\/www.vesna-bukovec.net\/slike\/drawings\/ali-me-nocete\/bukovec-11.jpg\" title=\"Do you not want me, because I don\u2019t eat healthy food\"><img decoding=\"async\" src=\"http:\/\/www.vesna-bukovec.net\/slike\/drawings\/ali-me-nocete\/bukovec-11_t.jpg\" alt=\"Do you not want me, because I don\u2019t eat healthy food\"  \/><\/a><\/p>\n<p><a rel=\"lightbox[roadtrip]\" href=\"http:\/\/www.vesna-bukovec.net\/slike\/drawings\/ali-me-nocete\/bukovec-12.jpg\" title=\"Do you not want me, because I am expecting a child\"><img decoding=\"async\" src=\"http:\/\/www.vesna-bukovec.net\/slike\/drawings\/ali-me-nocete\/bukovec-12_t.jpg\" alt=\"Do you not want me, because I am expecting a child\"  \/><\/a><\/p>\n<p><a rel=\"lightbox[roadtrip]\" href=\"http:\/\/www.vesna-bukovec.net\/slike\/drawings\/ali-me-nocete\/bukovec-13.jpg\" title=\"Do you not want me, because I\u2019m unpredictable\"><img decoding=\"async\" src=\"http:\/\/www.vesna-bukovec.net\/slike\/drawings\/ali-me-nocete\/bukovec-13_t.jpg\" alt=\"Do you not want me, because I\u2019m unpredictable\"  \/><\/a><\/p>\n<p><a rel=\"lightbox[roadtrip]\" href=\"http:\/\/www.vesna-bukovec.net\/slike\/drawings\/ali-me-nocete\/bukovec-14.jpg\"  title=\"Do you not want me, because I lack self-confidence\"><img decoding=\"async\" src=\"http:\/\/www.vesna-bukovec.net\/slike\/drawings\/ali-me-nocete\/bukovec-14_t.jpg\" alt=\"Do you not want me, because I lack self-confidence\" \/><\/a><\/p>\n<p><a rel=\"lightbox[roadtrip]\" href=\"http:\/\/www.vesna-bukovec.net\/slike\/drawings\/ali-me-nocete\/bukovec-15.jpg\" title=\"Do you not want me, because I enjoy spending money\"><img decoding=\"async\" src=\"http:\/\/www.vesna-bukovec.net\/slike\/drawings\/ali-me-nocete\/bukovec-15_t.jpg\" alt=\"Do you not want me, because I enjoy spending money\"  \/><\/a><\/p>\n<p><a rel=\"lightbox[roadtrip]\" href=\"http:\/\/www.vesna-bukovec.net\/slike\/drawings\/ali-me-nocete\/bukovec-16.jpg\" title=\"Do you not want me, because I am not a mother\"><img decoding=\"async\" src=\"http:\/\/www.vesna-bukovec.net\/slike\/drawings\/ali-me-nocete\/bukovec-16_t.jpg\" alt=\"Do you not want me, because I am not a mother\"  \/><\/a><\/p>\n<div style=\"clear:both\"><\/div>\n<p>&#8212;<\/p>\n<p><a href=\"http:\/\/www.vesna-bukovec.net\/eng\/archives\/1424\">Bring In Take Out Living Archive &#8211; Ljubljana<\/a>, Alkatraz Gallery, Ljubljana, exhibition view, 2012<\/p>\n<p><img decoding=\"async\" src=\"http:\/\/www.vesna-bukovec.net\/slike\/news\/LA-Ljubljana-Alkatraz01.jpg\" alt=\"Bring In Take Out Living Archive - Ljubljana, exhibtion view\" \/><\/p>\n<p><img decoding=\"async\" src=\"http:\/\/www.vesna-bukovec.net\/slike\/news\/LA-Ljubljana-Alkatraz10.jpg\" alt=\"Bring In Take Out Living Archive - Ljubljana, exhibtion view\" \/><\/p>\n<p><img decoding=\"async\" src=\"http:\/\/www.vesna-bukovec.net\/slike\/news\/LA-Ljubljana-Alkatraz11.jpg\" alt=\"Bring In Take Out Living Archive - Ljubljana, exhibtion view\" \/><\/p>\n<p><img decoding=\"async\" src=\"http:\/\/www.vesna-bukovec.net\/slike\/news\/LA-Ljubljana-Alkatraz12.jpg\" alt=\"Bring In Take Out Living Archive - Ljubljana, exhibtion view\" \/><\/p>\n<p><img decoding=\"async\" src=\"http:\/\/www.vesna-bukovec.net\/slike\/news\/LA-Ljubljana-Alkatraz13.jpg\" alt=\"Bring In Take Out Living Archive - Ljubljana, exhibtion view\" \/><\/p>\n<p><img decoding=\"async\" src=\"http:\/\/www.vesna-bukovec.net\/slike\/news\/LA-Ljubljana-Alkatraz02.jpg\" alt=\"Bring In Take Out Living Archive - Ljubljana, exhibtion view\" \/><\/p>\n","protected":false},"excerpt":{"rendered":"<p>Year: 2012 Technique: series of 16 drawings, ink on paper, 21 x 29,7 cm In this new series of drawings, I deal with the paradoxical position of women who in various everyday life situations in contemporary society still often encounter disapproval and resistance. Today\u2019s stereotypical identity roles and their (un)acceptablity are conditioned by the male [&hellip;]<\/p>\n","protected":false},"author":1,"featured_media":0,"parent":522,"menu_order":0,"comment_status":"closed","ping_status":"closed","template":"","meta":[],"_links":{"self":[{"href":"http:\/\/www.vesna-bukovec.net\/eng\/wp-json\/wp\/v2\/pages\/1416"}],"collection":[{"href":"http:\/\/www.vesna-bukovec.net\/eng\/wp-json\/wp\/v2\/pages"}],"about":[{"href":"http:\/\/www.vesna-bukovec.net\/eng\/wp-json\/wp\/v2\/types\/page"}],"author":[{"embeddable":true,"href":"http:\/\/www.vesna-bukovec.net\/eng\/wp-json\/wp\/v2\/users\/1"}],"replies":[{"embeddable":true,"href":"http:\/\/www.vesna-bukovec.net\/eng\/wp-json\/wp\/v2\/comments?post=1416"}],"version-history":[{"count":7,"href":"http:\/\/www.vesna-bukovec.net\/eng\/wp-json\/wp\/v2\/pages\/1416\/revisions"}],"predecessor-version":[{"id":1450,"href":"http:\/\/www.vesna-bukovec.net\/eng\/wp-json\/wp\/v2\/pages\/1416\/revisions\/1450"}],"up":[{"embeddable":true,"href":"http:\/\/www.vesna-bukovec.net\/eng\/wp-json\/wp\/v2\/pages\/522"}],"wp:attachment":[{"href":"http:\/\/www.vesna-bukovec.net\/eng\/wp-json\/wp\/v2\/media?parent=1416"}],"curies":[{"name":"wp","href":"https:\/\/api.w.org\/{rel}","templated":true}]}}