{"id":1722,"date":"2013-06-08T23:13:00","date_gmt":"2013-06-08T21:13:00","guid":{"rendered":"http:\/\/www.vesna-bukovec.net\/eng\/?page_id=1722"},"modified":"2015-03-04T12:22:44","modified_gmt":"2015-03-04T10:22:44","slug":"vesna-bukovec-risbe-drawings","status":"publish","type":"page","link":"http:\/\/www.vesna-bukovec.net\/eng\/projects\/vesna-bukovec-risbe-drawings","title":{"rendered":"Vesna Bukovec: Risbe \/ Drawings"},"content":{"rendered":"<p>Year: 2013<br \/>\nType: solo exhibition (drawings, prints, video)<\/p>\n<p>Exhibition title: Vesna Bukovec, Risbe \/ Drawings<br \/>\nLocation: Kulturni dom Franca Bernika Dom\u017eale, Galerija Dom\u017eale, Mestni trg 1, Dom\u017eale, SI<br \/>\nDate: April 11 \u2013 27, 2013<br \/>\nCurator: Vasja Nagy<\/p>\n<p><a href=\"http:\/\/www.vesna-bukovec.net\/slike\/news\/game-spectators-velika.gif\"><img decoding=\"async\" src=\"http:\/\/www.vesna-bukovec.net\/slike\/news\/bukovec-game-spectators.jpg\" alt=\"Vesna Bukovec, There is no society without spectacle\" \/><\/a><br \/>\nVesna Bukovec, from the series There is no society without spectacle, 2011<\/p>\n<p>Avtorica bo na pregledni razstavi predstavila svojo <a href=\"http:\/\/www.vesna-bukovec.net\/eng\/drawings\">novej\u0161o produkcijo na podro\u010dju risbe<\/a>. V njih na kriti\u010dno-humoren na\u010din obravnava potro\u0161ni\u0161tvo, pozitivno psihologijo, kulturo samopomo\u010di, grajenje lastne podobe in identitete ter vlogo \u017eenske v sodobni dru\u017ebi. Motive povzema po fotografijah s svetovnega spleta, ki jih transformira v drug medij. Avtorica pred likovnim izrazom v ospredje postavlja sporo\u010dilnost, ki jo ve\u010dkrat podpre tudi z vklju\u010denim besedilom. Serije njenih risb so tako kola\u017e citiranih podob in izjav, prek katerih podaja svoj komentar na sodobno dru\u017ebo.<\/p>\n<p><a href=\"http:\/\/www.vesna-bukovec.net\/eng\/texts\/vesna-bukovec-risbe\">Besedilo o razstavi (avtor Vasja Nagy)<\/a><\/p>\n<p><a href=\"http:\/\/www.vesna-bukovec.net\/GD-Vesna-Bukovec-2013.pdf\" target=\"_blank\">Vabilo\/zlo\u017eenka (pdf)<\/a><br \/>\n<a href=\"http:\/\/www.kd-domzale.si\/vesna-bukovec-%E2%80%9Crisbe%E2%80%9D-11-04-2013.html\" target=\"_blank\">Galerija Dom\u017eale<\/a><br \/>\n<a href=\"http:\/\/www.domzalec.si\/ali-me-nocete-ker-sem-kriticna-risbe-vesne-bukovec\" target=\"_blank\">Foto in video reporta\u017ea o razstavi<\/a><\/p>\n<p>Galerija Dom\u017eale<br \/>\nMestni trg 1, 1230 Dom\u017eale, trgovski kompleks Vele<\/p>\n<p>Odprto:<br \/>\npon.-pet. od 10. do 12. ure in od 15. do 19. ure,<br \/>\nob sobotah od 10. do 12. ure<br \/>\nVstop prost<\/p>\n<p>&#8212;<\/p>\n<p>Already since her first drawings for the public, Vesna Bukovec has been faithful to simple lines. Without shading or the illusion of space, she creates images full of meaning. Although they can be conceptual, they are an aesthetic whole, with no need for a special context. She chooses the motives from the media world of the Internet, television, popular magazines, which we can also see in her videos. She especially deals with themes relating to the consumer society of instant gratification and to some of the frustrations which life in this society provokes in the individual. The drawings are full of humour and also realistically brutal. They appear as a mirror of society, tilted in such a way that it highlights specific characteristics, specific relations.<\/p>\n<p><em>Excerpt from the text by Vasja Nagy<\/em><\/p>\n<p><a href=\"http:\/\/www.vesna-bukovec.net\/eng\/texts\/vesna-bukovec-drawings\">Read full text<\/a><\/p>\n<p>&#8212;<\/p>\n<p>Opening of the exhibition<br \/>\nPhoto: Miha Ul\u010dar (www.domzalec.si)<\/p>\n<p><img decoding=\"async\" src=\"http:\/\/www.vesna-bukovec.net\/slike\/news\/domzale-otvoritev1.jpg\" alt=\"Opening of the exhibition Vesna Bukovec: Risbe\" \/><\/p>\n<p><img decoding=\"async\" src=\"http:\/\/www.vesna-bukovec.net\/slike\/news\/domzale-otvoritev2.jpg\" alt=\"Opening of the exhibition Vesna Bukovec: Risbe\" \/><\/p>\n<p><img decoding=\"async\" src=\"http:\/\/www.vesna-bukovec.net\/slike\/news\/domzale-otvoritev3.jpg\" alt=\"Opening of the exhibition Vesna Bukovec: Risbe\" \/><\/p>\n<p><img decoding=\"async\" src=\"http:\/\/www.vesna-bukovec.net\/slike\/news\/domzale-otvoritev4.jpg\" alt=\"Opening of the exhibition Vesna Bukovec: Risbe\" \/><\/p>\n<p><img decoding=\"async\" src=\"http:\/\/www.vesna-bukovec.net\/slike\/news\/domzale-otvoritev5.jpg\" alt=\"Opening of the exhibition Vesna Bukovec: Risbe\" \/><\/p>\n<p><img decoding=\"async\" src=\"http:\/\/www.vesna-bukovec.net\/slike\/news\/domzale-otvoritev6.jpg\" alt=\"Opening of the exhibition Vesna Bukovec: Risbe\" \/><\/p>\n<p>&#8212;<\/p>\n<p>Exhibition view<\/p>\n<p><img decoding=\"async\" src=\"http:\/\/www.vesna-bukovec.net\/slike\/news\/domzale-postavitev11.jpg\" alt=\"Vesna Bukovec: Risbe, exhibition view\" \/><\/p>\n<p><img decoding=\"async\" src=\"http:\/\/www.vesna-bukovec.net\/slike\/news\/domzale-postavitev10.jpg\" alt=\"Vesna Bukovec: Risbe, exhibition view\" \/><\/p>\n<p><img decoding=\"async\" src=\"http:\/\/www.vesna-bukovec.net\/slike\/news\/domzale-postavitev9.jpg\" alt=\"Vesna Bukovec: Risbe, exhibition view\" \/><\/p>\n<p><img decoding=\"async\" src=\"http:\/\/www.vesna-bukovec.net\/slike\/news\/domzale-postavitev5.jpg\" alt=\"Vesna Bukovec: Risbe, exhibition view\" \/><\/p>\n<p><img decoding=\"async\" src=\"http:\/\/www.vesna-bukovec.net\/slike\/news\/domzale-postavitev6.jpg\" alt=\"Vesna Bukovec: Risbe, exhibition view\" \/><\/p>\n<p><img decoding=\"async\" src=\"http:\/\/www.vesna-bukovec.net\/slike\/news\/domzale-postavitev3.jpg\" alt=\"Vesna Bukovec: Risbe, exhibition view\" \/><\/p>\n<p><img decoding=\"async\" src=\"http:\/\/www.vesna-bukovec.net\/slike\/news\/domzale-postavitev2.jpg\" alt=\"Vesna Bukovec: Risbe, exhibition view\" \/><\/p>\n<p><img decoding=\"async\" src=\"http:\/\/www.vesna-bukovec.net\/slike\/news\/domzale-postavitev1.jpg\" alt=\"Vesna Bukovec: Risbe, exhibition view\" \/><\/p>\n<p><img decoding=\"async\" src=\"http:\/\/www.vesna-bukovec.net\/slike\/news\/domzale-postavitev8.jpg\" alt=\"Vesna Bukovec: Risbe, exhibition view\" \/><\/p>\n<p><img decoding=\"async\" src=\"http:\/\/www.vesna-bukovec.net\/slike\/news\/domzale-postavitev4.jpg\" alt=\"Vesna Bukovec: Risbe, exhibition view\" \/><\/p>\n<p><img decoding=\"async\" src=\"http:\/\/www.vesna-bukovec.net\/slike\/news\/domzale-postavitev7.jpg\" alt=\"Vesna Bukovec: Risbe, exhibition view\" \/><\/p>\n","protected":false},"excerpt":{"rendered":"<p>Year: 2013 Type: solo exhibition (drawings, prints, video) Exhibition title: Vesna Bukovec, Risbe \/ Drawings Location: Kulturni dom Franca Bernika Dom\u017eale, Galerija Dom\u017eale, Mestni trg 1, Dom\u017eale, SI Date: April 11 \u2013 27, 2013 Curator: Vasja Nagy Vesna Bukovec, from the series There is no society without spectacle, 2011 Avtorica bo na pregledni razstavi predstavila [&hellip;]<\/p>\n","protected":false},"author":1,"featured_media":0,"parent":26,"menu_order":0,"comment_status":"closed","ping_status":"closed","template":"","meta":[],"_links":{"self":[{"href":"http:\/\/www.vesna-bukovec.net\/eng\/wp-json\/wp\/v2\/pages\/1722"}],"collection":[{"href":"http:\/\/www.vesna-bukovec.net\/eng\/wp-json\/wp\/v2\/pages"}],"about":[{"href":"http:\/\/www.vesna-bukovec.net\/eng\/wp-json\/wp\/v2\/types\/page"}],"author":[{"embeddable":true,"href":"http:\/\/www.vesna-bukovec.net\/eng\/wp-json\/wp\/v2\/users\/1"}],"replies":[{"embeddable":true,"href":"http:\/\/www.vesna-bukovec.net\/eng\/wp-json\/wp\/v2\/comments?post=1722"}],"version-history":[{"count":2,"href":"http:\/\/www.vesna-bukovec.net\/eng\/wp-json\/wp\/v2\/pages\/1722\/revisions"}],"predecessor-version":[{"id":2107,"href":"http:\/\/www.vesna-bukovec.net\/eng\/wp-json\/wp\/v2\/pages\/1722\/revisions\/2107"}],"up":[{"embeddable":true,"href":"http:\/\/www.vesna-bukovec.net\/eng\/wp-json\/wp\/v2\/pages\/26"}],"wp:attachment":[{"href":"http:\/\/www.vesna-bukovec.net\/eng\/wp-json\/wp\/v2\/media?parent=1722"}],"curies":[{"name":"wp","href":"https:\/\/api.w.org\/{rel}","templated":true}]}}