{"id":2964,"date":"2022-11-22T13:06:23","date_gmt":"2022-11-22T11:06:23","guid":{"rendered":"http:\/\/www.vesna-bukovec.net\/eng\/?page_id=2964"},"modified":"2022-11-22T13:06:23","modified_gmt":"2022-11-22T11:06:23","slug":"the-roller-of-structural-racism-is-grinding-migrant-workers","status":"publish","type":"page","link":"http:\/\/www.vesna-bukovec.net\/eng\/drawings\/the-roller-of-structural-racism-is-grinding-migrant-workers","title":{"rendered":"The roller of structural racism is grinding migrant workers"},"content":{"rendered":"<p>Year: 2020<br \/>\nTechnique: digital drawing<\/p>\n<p>The drawing was created for the petition Let&#8217;s stop the adoption and enforcement of the Amendment to the Law on Aliens! in 2020 before the planned changes to the Aliens Act, which limited a range of human rights in relation to foreign workers and their families, children and minors, and refugees.<\/p>\n<p>With the initial support of the Workers&#8217; Counsel and the Asylum Working Group, together with Dr. Marina Gr\u017eini\u0107, Dr. \u0160efik Tatli\u0107 and Dr. Jovita Pristov\u0161ek we prepared a petition against the restart of structural racism in Slovenia.<\/p>\n<p><a href=\"http:\/\/www.vesna-bukovec.net\/wp-content\/uploads\/2022\/05\/Vesna-Bukovec_Valjar-strukturnega-rasizma-melje-migrantske-delavke-in-delavce_2000px.png\" rel=\"noopener\" target=\"_blank\"><img decoding=\"async\" src=\"http:\/\/www.vesna-bukovec.net\/wp-content\/uploads\/2022\/05\/Vesna-Bukovec_Valjar-strukturnega-rasizma-melje-migrantske-delavke-in-delavce_2000px-1024x635.png\" alt=\"\" width=\"450\"  class=\"alignnone size-large wp-image-4491\" \/><\/a><\/p>\n","protected":false},"excerpt":{"rendered":"<p>Year: 2020 Technique: digital drawing The drawing was created for the petition Let&#8217;s stop the adoption and enforcement of the Amendment to the Law on Aliens! in 2020 before the planned changes to the Aliens Act, which limited a range of human rights in relation to foreign workers and their families, children and minors, and [&hellip;]<\/p>\n","protected":false},"author":1,"featured_media":0,"parent":522,"menu_order":0,"comment_status":"closed","ping_status":"closed","template":"","meta":[],"_links":{"self":[{"href":"http:\/\/www.vesna-bukovec.net\/eng\/wp-json\/wp\/v2\/pages\/2964"}],"collection":[{"href":"http:\/\/www.vesna-bukovec.net\/eng\/wp-json\/wp\/v2\/pages"}],"about":[{"href":"http:\/\/www.vesna-bukovec.net\/eng\/wp-json\/wp\/v2\/types\/page"}],"author":[{"embeddable":true,"href":"http:\/\/www.vesna-bukovec.net\/eng\/wp-json\/wp\/v2\/users\/1"}],"replies":[{"embeddable":true,"href":"http:\/\/www.vesna-bukovec.net\/eng\/wp-json\/wp\/v2\/comments?post=2964"}],"version-history":[{"count":1,"href":"http:\/\/www.vesna-bukovec.net\/eng\/wp-json\/wp\/v2\/pages\/2964\/revisions"}],"predecessor-version":[{"id":2965,"href":"http:\/\/www.vesna-bukovec.net\/eng\/wp-json\/wp\/v2\/pages\/2964\/revisions\/2965"}],"up":[{"embeddable":true,"href":"http:\/\/www.vesna-bukovec.net\/eng\/wp-json\/wp\/v2\/pages\/522"}],"wp:attachment":[{"href":"http:\/\/www.vesna-bukovec.net\/eng\/wp-json\/wp\/v2\/media?parent=2964"}],"curies":[{"name":"wp","href":"https:\/\/api.w.org\/{rel}","templated":true}]}}