{"id":2989,"date":"2022-11-22T14:05:29","date_gmt":"2022-11-22T12:05:29","guid":{"rendered":"http:\/\/www.vesna-bukovec.net\/eng\/?page_id=2989"},"modified":"2022-11-22T14:06:22","modified_gmt":"2022-11-22T12:06:22","slug":"for-radical-change","status":"publish","type":"page","link":"http:\/\/www.vesna-bukovec.net\/eng\/drawings\/for-radical-change","title":{"rendered":"For Radical Change"},"content":{"rendered":"<p>Year: 2022<br \/>\nTechnique: digital drawing<\/p>\n<p>The drawing is the English version of the drawing <a href=\"http:\/\/www.vesna-bukovec.net\/eng\/drawings\/a-different-world-is-possible\">A different world is possible<\/a>. It was made for the cover of the book <a href=\"https:\/\/www.cambridgescholars.com\/product\/978-1-5275-8164-7\" rel=\"noopener\" target=\"_blank\">Re-Activating Critical Thinking in the Midst of Necropolitical Realities: For Radical Change<\/a> (ed. Marina Gr\u017eini\u0107, Jovita Pristov\u0161ek, Cambridge Scholars Publishing, 2022)<\/p>\n<p>The book contains the texts by: Yela An, Esther (Mayoko) Ortega Arjonilla, Maja Breznik, Diana Bulzan, Lucrecia Masson C\u00f3rdoba, Nina Cvar, Antonio Fuentes Diaz, I\u0307klim Dog\u0306an, Liliana Conlisk Gallegos, Lina Gonan, Mia Gonan, Marina Gr\u017eini\u0107, Kyungrim Lim Jang, Tja\u0161a Kancler, Sa\u0161a Kesi\u0107, Taida Kusturica, Cath\u00e9rine Lehnerer, Mika Maruyama, iki yos pi\u00f1a narv\u00e1ez funes, Stanimir Panayotov, Jovita Pristov\u0161ek, Piro Rexhepi, Joshua Simon, \u0160efik Tatli\u0107<\/p>\n<p><a href=\"http:\/\/www.vesna-bukovec.net\/wp-content\/uploads\/2022\/05\/Vesna-Bukovec_For-radical-change_2022_2000px.png\" rel=\"noopener\" target=\"_blank\"><img decoding=\"async\" src=\"http:\/\/www.vesna-bukovec.net\/wp-content\/uploads\/2022\/05\/Vesna-Bukovec_For-radical-change_2022_2000px-1024x389.png\" alt=\"\" width=\"450\" class=\"alignnone size-large wp-image-4499\" \/><\/a><\/p>\n","protected":false},"excerpt":{"rendered":"<p>Year: 2022 Technique: digital drawing The drawing is the English version of the drawing A different world is possible. It was made for the cover of the book Re-Activating Critical Thinking in the Midst of Necropolitical Realities: For Radical Change (ed. Marina Gr\u017eini\u0107, Jovita Pristov\u0161ek, Cambridge Scholars Publishing, 2022) The book contains the texts by: [&hellip;]<\/p>\n","protected":false},"author":1,"featured_media":0,"parent":522,"menu_order":0,"comment_status":"closed","ping_status":"closed","template":"","meta":[],"_links":{"self":[{"href":"http:\/\/www.vesna-bukovec.net\/eng\/wp-json\/wp\/v2\/pages\/2989"}],"collection":[{"href":"http:\/\/www.vesna-bukovec.net\/eng\/wp-json\/wp\/v2\/pages"}],"about":[{"href":"http:\/\/www.vesna-bukovec.net\/eng\/wp-json\/wp\/v2\/types\/page"}],"author":[{"embeddable":true,"href":"http:\/\/www.vesna-bukovec.net\/eng\/wp-json\/wp\/v2\/users\/1"}],"replies":[{"embeddable":true,"href":"http:\/\/www.vesna-bukovec.net\/eng\/wp-json\/wp\/v2\/comments?post=2989"}],"version-history":[{"count":3,"href":"http:\/\/www.vesna-bukovec.net\/eng\/wp-json\/wp\/v2\/pages\/2989\/revisions"}],"predecessor-version":[{"id":2992,"href":"http:\/\/www.vesna-bukovec.net\/eng\/wp-json\/wp\/v2\/pages\/2989\/revisions\/2992"}],"up":[{"embeddable":true,"href":"http:\/\/www.vesna-bukovec.net\/eng\/wp-json\/wp\/v2\/pages\/522"}],"wp:attachment":[{"href":"http:\/\/www.vesna-bukovec.net\/eng\/wp-json\/wp\/v2\/media?parent=2989"}],"curies":[{"name":"wp","href":"https:\/\/api.w.org\/{rel}","templated":true}]}}