{"id":548,"date":"2009-10-23T23:43:48","date_gmt":"2009-10-23T21:43:48","guid":{"rendered":"http:\/\/www.vesna-bukovec.net\/eng\/?page_id=548"},"modified":"2024-04-16T15:14:41","modified_gmt":"2024-04-16T13:14:41","slug":"about","status":"publish","type":"page","link":"https:\/\/www.vesna-bukovec.net\/eng\/about","title":{"rendered":"About"},"content":{"rendered":"<p>ARTIST TALK (2012)<\/p>\n<p><iframe loading=\"lazy\" src=\"http:\/\/www.youtube.com\/embed\/QwZRds5NZ1o?rel=0\" width=\"500\" height=\"326\" frameborder=\"0\" allowfullscreen=\"allowfullscreen\"><\/iframe><br \/>\nRecorded at the occasion of the exhibition &#8216;Bring In Take Out Living Archive Ljubljana&#8217; in the framework of the International Feminist and Queer Festival Red Dawns<\/p>\n<p><a href=\"http:\/\/www.vesna-bukovec.net\/eng\/archives\/1465\">More info<\/a><\/p>\n<p>&#8212;<\/p>\n<p>ARTIST TALK (2008)<\/p>\n<p><iframe loading=\"lazy\" src=\"http:\/\/player.vimeo.com\/video\/58227356?byline=0&amp;portrait=0&amp;color=ffffff\" width=\"500\" height=\"281\" frameborder=\"0\" allowfullscreen=\"allowfullscreen\"><\/iframe><br \/>\nThe video was produced as part of the exhibition catalogue &amp; DVD at the occasion of the exhibition &#8216;Necessary Discourse on Hysteria&#8217; in Koro\u0161ka galerija likovnih umetnosti Slovenj Gradec \/ The Gallery of Fine Arts Slovenj Gradec in Slovenia in 2008.<\/p>\n<p><a href=\"http:\/\/www.vesna-bukovec.net\/eng\/projects\/the-price-of-a-spectacle\">More about my video installation<\/a><\/p>\n<div><\/div>\n<p>__________________________<\/p>\n<div><\/div>\n<p><strong>INTERVIEWS AND ARTICLES (In Slovene language)<\/strong><\/p>\n<p><a href=\"http:\/\/www.vesna-bukovec.net\/wp-content\/uploads\/2024\/01\/Vesna-Bukovec-intervju-Slamnik-jan-2024.pdf\" target=\"_blank\" rel=\"noopener\"><img decoding=\"async\" loading=\"lazy\" class=\"alignnone size-medium wp-image-5138\" src=\"http:\/\/www.vesna-bukovec.net\/wp-content\/uploads\/2024\/01\/intervju-slamnik-izrez-450x315.jpg\" alt=\"\" width=\"450\" height=\"315\" \/><\/a><br \/>\n<a href=\"http:\/\/www.vesna-bukovec.net\/wp-content\/uploads\/2024\/01\/Vesna-Bukovec-intervju-Slamnik-jan-2024.pdf\" target=\"_blank\" rel=\"noopener\">Intervju v ob\u010dinskem glasilu Slamnik<\/a>, \u0161t. 1, januar 2024<br \/>\nVpra\u0161anja: Cveta Zalokar, foto: Nada \u017dgank<\/p>\n<p>&#8212;<\/p>\n<p><a href=\"https:\/\/www.youtube.com\/watch?v=A2fFDqapGek\" target=\"_blank\" rel=\"noopener\"><img decoding=\"async\" loading=\"lazy\" class=\"alignnone size-medium wp-image-5131\" src=\"http:\/\/www.vesna-bukovec.net\/wp-content\/uploads\/2024\/01\/pogovor-video-450x252.png\" alt=\"\" width=\"450\" height=\"252\" \/><\/a><br \/>\n<a href=\"https:\/\/www.youtube.com\/watch?v=A2fFDqapGek\" target=\"_blank\" rel=\"noopener\">Pogovor z Jurijem Smoletom<\/a> na odprtju razstave <a href=\"http:\/\/www.vesna-bukovec.net\/archives\/5091\"><em>Druga\u010den svet je mogo\u010d<\/em><\/a> v Galeriji Dom\u017eale, 14. 12. 2023. Video: Miro Pivar.<\/p>\n<p>&#8212;<\/p>\n<p><a href=\"https:\/\/www.youtube.com\/watch?v=RJctZISYlns\" target=\"_blank\" rel=\"noopener\"><img decoding=\"async\" loading=\"lazy\" class=\"alignnone size-medium wp-image-5061\" src=\"http:\/\/www.vesna-bukovec.net\/wp-content\/uploads\/2023\/10\/pogovor-video-450x250.jpg\" alt=\"\" width=\"450\" height=\"250\" \/><\/a><br \/>\n<a href=\"https:\/\/www.youtube.com\/watch?v=RJctZISYlns\" target=\"_blank\" rel=\"noopener\">Popotovanje po Arte Utile: Vesna Bukovec 03\/2023<\/a>, pogovor s kustosom Jernejem Ko\u017earjem ob razstavi <a href=\"http:\/\/www.vesna-bukovec.net\/archives\/4971\"><em>Solidarnost<\/em><\/a>, ki je nastala v okviru rezidence in raziskave <em>Popotovanje po Arte Utile<\/em> v Galeriji raum AU v Slovenj Gradcu.<br \/>\nPosneto julija 2023, podnapisi: Lana Praprotnik, produkcija: raum AU.<\/p>\n<p>&#8212;<\/p>\n<p><a href=\"http:\/\/www.vesna-bukovec.net\/archives\/4542\"><img decoding=\"async\" class=\"alignnone size-large wp-image-4552\" src=\"http:\/\/www.vesna-bukovec.net\/wp-content\/uploads\/2022\/05\/For-Radical-Change-predstavitev-ZRC-SAZU-1024x575.jpg\" alt=\"\" width=\"450\" \/><\/a><br \/>\n<a href=\"http:\/\/www.vesna-bukovec.net\/archives\/4542\">Predstavitev ob izidu knjige <em>Re-Activating Critical Thinking in the Midst of Necropolitical Realities: For Radical Change<\/em><\/a>, ZRC SAZU, 16. 5. 2022. Za knjigo sem prispevala risbo za naslovnico, ob predstavitvi knjige sem predstavila ve\u010d risb na temo protestov. <a href=\"https:\/\/youtu.be\/6de5jBOUuog\" target=\"_blank\" rel=\"noopener\">Povezava na video (26:33\u201335:30)<\/a><\/p>\n<p>&#8212;<\/p>\n<p><a href=\"https:\/\/www.youtube.com\/watch?v=ksHsvu7DiiM\" target=\"_blank\" rel=\"noopener\"><img decoding=\"async\" loading=\"lazy\" class=\"alignnone size-medium wp-image-4894\" src=\"http:\/\/www.vesna-bukovec.net\/wp-content\/uploads\/2023\/02\/Zaustavljeni-pogled-O-Vesni-Bukovec-450x297.jpg\" alt=\"\" width=\"450\" height=\"297\" \/><\/a><br \/>\n<a href=\"https:\/\/www.youtube.com\/watch?v=ksHsvu7DiiM\" target=\"_blank\" rel=\"noopener\">Manja Gerold o Vesni Bukovec<\/a>, 17. 4. 2022<br \/>\nPredstavitev mojega ve\u010dletnega sodelovanja s KGLU v oddaji <em>Zaustavljeni pogled: likovne besede iz Koro\u0161ke galerije<\/em>\u00a0na Koro\u0161kem radiu.<\/p>\n<p>&#8212;<\/p>\n<p><a href=\"http:\/\/www.vesna-bukovec.net\/wp-content\/uploads\/2022\/03\/Mladina_st.6_11.2.2022_.jpg\"><img decoding=\"async\" class=\"alignnone size-full wp-image-4445\" src=\"http:\/\/www.vesna-bukovec.net\/wp-content\/uploads\/2022\/03\/Mladina_st.6_11.2.2022_.jpg\" alt=\"\" width=\"450\" \/><\/a><br \/>\n<a href=\"https:\/\/www.mladina.si\/214005\/ni-nam-vseeno\/\" target=\"_blank\" rel=\"noopener\">Ni nam vseeno<\/a>, Vesna Ter\u017ean, Mladina \u0161t. 6, 11. 2. 20222<br \/>\n\u010clanek je iz\u0161el ob razstavi <em>Vztrajnostni moment upora \/ Dialog Vesna Bukovec : Janez Zalaznik<\/em> v Savinovem likovnem salonu v \u017dalcu<\/p>\n<p>&#8212;<\/p>\n<p><a href=\"http:\/\/www.vesna-bukovec.net\/archives\/4256\"><img decoding=\"async\" loading=\"lazy\" class=\"alignnone size-medium wp-image-4266\" src=\"http:\/\/www.vesna-bukovec.net\/wp-content\/uploads\/2021\/09\/Pogovor-zajem2-450x251.jpg\" alt=\"\" width=\"450\" height=\"251\" \/><br \/>\nNa \u010digav ra\u010dun? Pogovor z Vesno Bukovec o eti\u010dnih in politi\u010dnih vidikih umetni\u0161kega ustvarjanja<\/a>, spletni pogovor v okviru Petih dnevov boja proti speciesizmu, ki ga organizira Za \u017eivali! dru\u0161tvo za uveljavitev njihovih pravic, 24. 9. 2021<\/p>\n<p>&#8212;<\/p>\n<p><a href=\"https:\/\/www.rtvslo.si\/4d\/arhiv\/174770482?s=tv&amp;t=304\" target=\"_blank\" rel=\"noopener\"><img decoding=\"async\" class=\"alignnone size-large wp-image-4166\" src=\"http:\/\/www.vesna-bukovec.net\/wp-content\/uploads\/2021\/04\/ADJ-Vesna-Bukovec2-1024x572.jpg\" alt=\"\" width=\"450\" \/><br \/>\nPortret v oddaji Alpe, Donava, Jadran<\/a>, Vesna Ter\u017ean, RTV Slovenija, 21. 4. 2021 (00:40\u201305:18)<br \/>\n<a href=\"https:\/\/www.br.de\/br-fernsehen\/sendungen\/alpen-donau-adria\/alpen-donau-adria114.html\" target=\"_blank\" rel=\"noopener\">In German language<\/a>, BR Fernsehen, 30. 5. 2021 (10:22\u201314:47)<\/p>\n<p>&#8212;<\/p>\n<p><a href=\"http:\/\/www.vesna-bukovec.net\/wp-content\/uploads\/2021\/01\/Mladina_st.52-Terzan-Bukovec_.jpg\" target=\"_blank\" rel=\"noopener noreferrer\"><img decoding=\"async\" class=\"alignnone size-full wp-image-4104\" src=\"http:\/\/www.vesna-bukovec.net\/wp-content\/uploads\/2021\/01\/Mladina_st.52-Terzan-Bukovec_delno.jpg\" alt=\"\" width=\"450\" \/><\/a><br \/>\n<a href=\"https:\/\/www.mladina.si\/203816\/ali-me-nocete-ker-sem-kriticna\/\" target=\"_blank\" rel=\"noopener noreferrer\">Ali me no\u010dete, ker sem kriti\u010dna? Razstava umetnice Vesne Bukovec vizualizira dru\u017ebena vpra\u0161anja in sporno ravnanje politike<\/a>, Vesna Ter\u017ean, Mladina, 23. 12. 2020<\/p>\n<p>&#8212;<\/p>\n<p><a href=\"http:\/\/www.medianox.org\/koronakultura-feed\/2020\/5\/27\/intervju-vesna-bukovec\" target=\"_blank\" rel=\"noopener noreferrer\"><img decoding=\"async\" class=\"alignnone size-full wp-image-3938\" src=\"http:\/\/www.vesna-bukovec.net\/wp-content\/uploads\/2020\/06\/bukovec-koronakultura-intervju-citat2.jpg\" alt=\"\" width=\"450\" \/><br \/>\nKoronakultura intervju: Vesna Bukovec, vizualna umetnica<\/a>, Petra \u010ceh, spletna stran galerije Media Nox, 26. 5. 2020<\/p>\n<p>&#8212;<\/p>\n<p><a href=\"https:\/\/4d.rtvslo.si\/arhiv\/platforma\/174672510\" target=\"_blank\" rel=\"noopener noreferrer\"><img decoding=\"async\" class=\"alignnone size-full wp-image-3851\" src=\"http:\/\/www.vesna-bukovec.net\/wp-content\/uploads\/2020\/02\/Vesna_Bukovec_Platforma.jpg\" alt=\"\" width=\"450\" \/><br \/>\nDotik je nevaren \u2013 umetnice danes in neko\u010d, oddaja Platforma<\/a>, Sa\u0161a \u0160avel Burkart, RTV Slovenija, 17. 2. 2020 (26:00-28:00)<\/p>\n<p>&#8212;<\/p>\n<p><a href=\"https:\/\/www.rtvslo.si\/kultura\/intervju\/vesna-bukovec-ana-cigon-in-varja-mocnik-o-tem-zakaj-videoumetnost-vzklika-zivele\/502122\" target=\"_blank\" rel=\"noopener noreferrer\"><img decoding=\"async\" class=\"alignnone size-full wp-image-3866\" title=\"Ana \u010cigon, Vesna Bukovec, foto: Nada \u017dgank\" src=\"http:\/\/www.vesna-bukovec.net\/wp-content\/uploads\/2020\/02\/65617469.jpg\" alt=\"\" width=\"450\" \/><\/a><br \/>\n<span style=\"font-size: 80%;\">Ana \u010cigon, Vesna Bukovec, foto: Nada \u017dgank<\/span><\/p>\n<p><a href=\"https:\/\/www.rtvslo.si\/kultura\/intervju\/vesna-bukovec-ana-cigon-in-varja-mocnik-o-tem-zakaj-videoumetnost-vzklika-zivele\/502122\" target=\"_blank\" rel=\"noopener noreferrer\">Vesna Bukovec, Ana \u010cigon in Varja Mo\u010dnik o tem, zakaj videoumetnost vzklika, \u017divele!<\/a>, Nadina \u0160tefan\u010di\u010d, MMC, 14. 10. 2019<\/p>\n<p><a href=\"https:\/\/4d.rtvslo.si\/arhiv\/kultura\/174640090\" target=\"_blank\" rel=\"noopener noreferrer\">\u017divele! 25 filma in videa<\/a>, Andreja Ko\u010dar, Kultura, TVS 1, 24. 9. 2019<\/p>\n<p>&#8212;<\/p>\n<p><a href=\"https:\/\/www.oslobodjenje.ba\/dosjei\/intervjui\/vesna-bukovec-svijet-nam-se-raspada-pred-nosom-370702\" target=\"_blank\" rel=\"noopener noreferrer\"><img decoding=\"async\" class=\"alignnone size-full wp-image-3497\" src=\"http:\/\/www.vesna-bukovec.net\/wp-content\/uploads\/2018\/06\/Oslobodjenje-intervju-prtscr.png\" alt=\"\" width=\"450\" \/><\/a><\/p>\n<p>Vesna Bukovec: Svijet nam se raspada pred nosom, \u0110or\u0111e Kraji\u0161nik, Oslobo\u0111enje, Sarajevo, 12. 6. 2018<\/p>\n<p>Intervju je nastal ob razstavi <a href=\"http:\/\/www.vesna-bukovec.net\/projekti\/vesna-bukovec-briga-me-za-konec-sveta-i-am-not-bothered-with-the-end-of-the-world\">Briga me za konec sveta \/ I am not bothered with the end of the world<\/a> v Galeriji Simulaker.<\/p>\n<p>&#8212;<\/p>\n<p><img decoding=\"async\" class=\"alignnone size-full wp-image-3019\" src=\"http:\/\/www.vesna-bukovec.net\/wp-content\/uploads\/2017\/06\/arsov-forum.jpg\" alt=\"\" width=\"250\" \/><\/p>\n<div style=\"clear: both;\"><\/div>\n<p>Sodelovanje na Arsovem forumu na temo<br \/>\n<a href=\"http:\/\/ars.rtvslo.si\/2017\/06\/arsov-forum-110\/\" target=\"_blank\" rel=\"noopener noreferrer\">Anga\u017eirana sodobna umetnost \u2013 to\u010dka odpora v dru\u017ebi?<\/a><br \/>\n3. program Radia Slovenija \u2013 program Ars, 28. 6. 2017<br \/>\nTrajanje: 1:10:59<br \/>\nAvtorica: Maja \u017dvokelj<br \/>\nSodelujejo: Marina Gr\u017eini\u0107, Marko Jenko, Vesna Bukovec<\/p>\n<p>&#8212;<\/p>\n<p><a href=\"http:\/\/www.vesna-bukovec.net\/archives\/2922\"><img decoding=\"async\" class=\"alignnone size-full wp-image-2928\" src=\"http:\/\/www.vesna-bukovec.net\/wp-content\/uploads\/2017\/03\/Revija-Mentor_2.jpg\" alt=\"\" width=\"500\" \/><\/a><br \/>\n<a href=\"http:\/\/www.vesna-bukovec.net\/archives\/2922\">Umetnost ne more spremeniti sveta. Ali pa\u010d? Portret vizualne umetnice Vesne Bukovec<\/a>, revija Mentor, Simona \u017dvanut, 2017<\/p>\n<p>&#8212;<\/p>\n<p><a href=\"http:\/\/mladina.si\/178279\/vesna-bukovec-vizualna-umetnica\/\" target=\"_blank\" rel=\"noopener\"><img decoding=\"async\" class=\"alignnone size-full wp-image-2875\" src=\"http:\/\/www.vesna-bukovec.net\/wp-content\/uploads\/2009\/10\/mladina-portret-vb-sken.jpg\" alt=\"\" width=\"500\" \/><\/a><br \/>\n<a href=\"http:\/\/mladina.si\/178279\/vesna-bukovec-vizualna-umetnica\/\" target=\"_blank\" rel=\"noopener\">Vesna Bukovec, vizualna umetnica. Avtorica odmevnih ilustracij za projekt Begunec_ka sem.<\/a>, Mladina, Marjan Horvat (image: Uro\u0161 Abram), 2017<\/p>\n<p>&#8212;<\/p>\n<p><a href=\"https:\/\/www.dnevnik.si\/1042728445\" target=\"_blank\" rel=\"noopener\"><img decoding=\"async\" loading=\"lazy\" class=\"alignnone size-full wp-image-2224\" src=\"http:\/\/www.vesna-bukovec.net\/wp-content\/uploads\/2009\/10\/VB-intervju-Dnevnik2016.jpg\" alt=\"VB-intervju-Dnevnik2016\" width=\"500\" height=\"475\" \/><\/a><br \/>\n<a href=\"https:\/\/www.dnevnik.si\/1042728445\" target=\"_blank\" rel=\"noopener\">Pogovor z vizualno umetnico Vesno Bukovec: Vsiljeni diktat sre\u010de in miru<\/a>, Dnevnik, by Maja \u0160u\u010dur, 2016<\/p>\n<p>&#8212;<\/p>\n<p><a href=\"http:\/\/4d.rtvslo.si\/arhiv\/osmi-dan-prispevki\/174324745\" target=\"_blank\" rel=\"noopener\"><img decoding=\"async\" loading=\"lazy\" class=\"alignnone size-full wp-image-2121\" src=\"http:\/\/www.vesna-bukovec.net\/eng\/wp-content\/uploads\/2009\/10\/osmi-dan.jpg\" alt=\"osmi-dan\" width=\"500\" height=\"344\" srcset=\"https:\/\/www.vesna-bukovec.net\/eng\/wp-content\/uploads\/2009\/10\/osmi-dan.jpg 500w, https:\/\/www.vesna-bukovec.net\/eng\/wp-content\/uploads\/2009\/10\/osmi-dan-300x206.jpg 300w\" sizes=\"(max-width: 500px) 100vw, 500px\" \/><br \/>\nKonceptualna umetnost Vesna Bukovec<\/a>, Osmi dan, by Andreja Ko\u010dar (video, 2015)<\/p>\n<p>&#8212;<\/p>\n<p><a href=\"http:\/\/www.vesna-bukovec.net\/eng\/archives\/1484\"><img decoding=\"async\" loading=\"lazy\" class=\"alignnone size-full wp-image-2119\" src=\"http:\/\/www.vesna-bukovec.net\/eng\/wp-content\/uploads\/2009\/10\/intervju-bukovec-hirsenfelder.jpg\" alt=\"intervju-bukovec-hirsenfelder\" width=\"500\" height=\"323\" srcset=\"https:\/\/www.vesna-bukovec.net\/eng\/wp-content\/uploads\/2009\/10\/intervju-bukovec-hirsenfelder.jpg 500w, https:\/\/www.vesna-bukovec.net\/eng\/wp-content\/uploads\/2009\/10\/intervju-bukovec-hirsenfelder-300x193.jpg 300w\" sizes=\"(max-width: 500px) 100vw, 500px\" \/><br \/>\nLiving Archive Interview: Ida Hir\u0161enfelder with Vesna Bukovec<\/a> (video, 2012)<\/p>\n<p>&#8212;<\/p>\n<p><a href=\"http:\/\/www.vesna-bukovec.net\/eng\/wp-content\/uploads\/2009\/10\/Dnevnik-Zakaj-delam-to-kar-delam.pdf\" target=\"_blank\" rel=\"noopener\"><img decoding=\"async\" loading=\"lazy\" class=\"alignnone size-full wp-image-2125\" src=\"http:\/\/www.vesna-bukovec.net\/eng\/wp-content\/uploads\/2009\/10\/Dnevnik-Zakaj-delam-to-kar-delam.jpg\" alt=\"Dnevnik-Zakaj-delam-to-kar-delam\" width=\"500\" height=\"347\" srcset=\"https:\/\/www.vesna-bukovec.net\/eng\/wp-content\/uploads\/2009\/10\/Dnevnik-Zakaj-delam-to-kar-delam.jpg 500w, https:\/\/www.vesna-bukovec.net\/eng\/wp-content\/uploads\/2009\/10\/Dnevnik-Zakaj-delam-to-kar-delam-300x208.jpg 300w\" sizes=\"(max-width: 500px) 100vw, 500px\" \/><br \/>\nZakaj delam to, kar delam?<\/a>, Dnevnik, by Ida Hir\u0161enfelder (pdf, 2009)<\/p>\n","protected":false},"excerpt":{"rendered":"<p>ARTIST TALK (2012) Recorded at the occasion of the exhibition &#8216;Bring In Take Out Living Archive Ljubljana&#8217; in the framework of the International Feminist and Queer Festival Red Dawns More info &#8212; ARTIST TALK (2008) The video was produced as part of the exhibition catalogue &amp; DVD at the occasion of the exhibition &#8216;Necessary Discourse [&hellip;]<\/p>\n","protected":false},"author":1,"featured_media":0,"parent":0,"menu_order":1,"comment_status":"closed","ping_status":"closed","template":"","meta":[],"_links":{"self":[{"href":"https:\/\/www.vesna-bukovec.net\/eng\/wp-json\/wp\/v2\/pages\/548"}],"collection":[{"href":"https:\/\/www.vesna-bukovec.net\/eng\/wp-json\/wp\/v2\/pages"}],"about":[{"href":"https:\/\/www.vesna-bukovec.net\/eng\/wp-json\/wp\/v2\/types\/page"}],"author":[{"embeddable":true,"href":"https:\/\/www.vesna-bukovec.net\/eng\/wp-json\/wp\/v2\/users\/1"}],"replies":[{"embeddable":true,"href":"https:\/\/www.vesna-bukovec.net\/eng\/wp-json\/wp\/v2\/comments?post=548"}],"version-history":[{"count":24,"href":"https:\/\/www.vesna-bukovec.net\/eng\/wp-json\/wp\/v2\/pages\/548\/revisions"}],"predecessor-version":[{"id":3132,"href":"https:\/\/www.vesna-bukovec.net\/eng\/wp-json\/wp\/v2\/pages\/548\/revisions\/3132"}],"wp:attachment":[{"href":"https:\/\/www.vesna-bukovec.net\/eng\/wp-json\/wp\/v2\/media?parent=548"}],"curies":[{"name":"wp","href":"https:\/\/api.w.org\/{rel}","templated":true}]}}