{"id":941,"date":"2010-10-11T13:15:09","date_gmt":"2010-10-11T11:15:09","guid":{"rendered":"http:\/\/www.vesna-bukovec.net\/eng\/?page_id=941"},"modified":"2025-06-17T16:36:47","modified_gmt":"2025-06-17T14:36:47","slug":"texts","status":"publish","type":"page","link":"https:\/\/www.vesna-bukovec.net\/eng\/texts","title":{"rendered":"Texts"},"content":{"rendered":"<ul>\n<li><a href=\"https:\/\/www.vesna-bukovec.net\/eng\/texts\/work-in-progress-deceptive-working-time\">Work in Progress. Deceptive Working Time<\/a>, exhibition Vesna Bukovec and Ana \u010cigon: Work in Progress. Deceptive Working Time, 2025<\/li>\n<li><a href=\"http:\/\/www.vesna-bukovec.net\/eng\/texts\/vesna-bukovec-a-different-world-is-possible\">Vesna Bukovec: A Different World Is Possible<\/a>, by Bo\u0161tjan Sokli\u010d, solo exhibition Vesna Bukovec: A Different World Is Possible, 2024<\/li>\n<li><a href=\"http:\/\/www.vesna-bukovec.net\/eng\/texts\/vesna-bukovec-and-yet-i-do-bother\">Vesna Bukovec: And yet I do bother<\/a>, by Nata\u0161a Kov\u0161ca, solo exhibition Vesna Bukovec: Vesna Bukovec: In vendar me briga \/ And yet I do bother, 2020<\/li>\n<li><a href=\"http:\/\/www.vesna-bukovec.net\/eng\/texts\/vesna-bukovec-briga-me-za-konec-sveta-i-cant-be-bothered-by-the-end-of-the-world\">Vesna Bukovec: I Can\u2019t Be Bothered With the End of the World<\/a>, by \u017diva Kleindienst, solo exhibition Vesna Bukovec: Briga me za konec sveta \/ I can\u2019t be bothered with the end of the world, 2019<\/li>\n<li><a href=\"http:\/\/www.vesna-bukovec.net\/besedila\/vesna-bukovec-briga-me-za-konec-sveta-i-am-not-bothered-with-the-end-of-the-world\" target=\"_blank\" rel=\"noopener noreferrer\">Vesna Bukovec: Briga me za konec sveta \/ I am not bothered with the end of the world<\/a>, by Anja Zver, solo exhibition Vesna Bukovec: Briga me za konec sveta \/ I am not bothered with the end of the world, 2018 (Slovene only)<\/li>\n<li><a href=\"http:\/\/www.vesna-bukovec.net\/eng\/it-is-not-what-i-expected\">It is not what I expected*. On the artistic practice of Vesna Bukovec<\/a>, by Simona \u017dvanut, catalogue of group exhibition Alla Ricerca dell\u2019Aura Perduta \/ In Search of a Lost Aura, 2018<\/li>\n<li><a href=\"http:\/\/www.vesna-bukovec.net\/besedila\/umetnost-ne-more-spremeniti-sveta-ali-pac\" target=\"_blank\" rel=\"noopener noreferrer\">Umetnost ne more spremeniti sveta. Ali pa\u010d? Portret vizualne umetnice Vesne Bukovec<\/a>, by Simona \u017dvanut, Mentor magazine, 2017 (Slovene only)<\/li>\n<li><a href=\"http:\/\/revije.ff.uni-lj.si\/arshumanitas\/article\/view\/7158\/6859\" target=\"_blank\" rel=\"noopener noreferrer\">Evropski spomin in vizualizacija travme: vloga umetni\u0161ke reprezentacije v medijskem projektu \u00bbBegunec_ka sem\u00ab (European Memory and Visualizations of Trauma: The Function of Artistic Representation in Media-Project &#8220;I am a Refugee&#8221;)<\/a>, Ksenija Vidmar Horvat, published in Arts &amp; Humanitas, Magazine for Arts and Humanities, Migrations, Year 10, No. 2, Faculty of Arts, University of Ljubljana, 2016 (Slovene only)<\/li>\n<li><a href=\"http:\/\/www.vesna-bukovec.net\/besedila\/vesna-bukovec-v-iskanju-svobode-ecce-homo-graficna-mapa\" target=\"_blank\" rel=\"noopener noreferrer\">Vesna Bukovec: V iskanju svobode (Ecce Homo)<\/a>, fine art prints portfolio, Petja Grafenauer, 2016 (Slovene only)<\/li>\n<li><a href=\"http:\/\/www.vesna-bukovec.net\/eng\/texts\/this-art-is-active\"><em>This art is active<\/em><\/a>, by Vasja Nagy, catalogue of group exhibition La fine del Nuovo \/ The End of the New, 2016<\/li>\n<li><a href=\"http:\/\/www.vesna-bukovec.net\/eng\/texts\/vesna-bukovec-exploanation\"><em>Vesna Bukovec: Exploanation<\/em><\/a>, by Ana Grobler, Sebastian Krawczyk, Jadranka Plut, solo exhibition Vesna Bukovec, Exploanation, 2016<\/li>\n<li><a href=\"http:\/\/www.vesna-bukovec.net\/besedila\/v-iskanju-clovecnosti\" target=\"_blank\" rel=\"noopener noreferrer\">V iskanju \u010dlove\u010dnosti<\/a>, Petra \u010ceh; catalogue V iskanju \u010dlove\u010dnosti (The Search for Humanity). Nika Autor, Widad Tamimi &amp; Vesna Bukovec, 2016 (Slovene only)<\/li>\n<li><a href=\"http:\/\/www.vesna-bukovec.net\/eng\/texts\/vesna-bukovec-od-splosnega-k-posameznemu\"><em>Vesna Bukovec: Od splo\u0161nega k posameznemu<\/em><\/a>, by Monika Ivan\u010di\u010d Fajfar, group exhibition Ideja telesa, 2014 (Slovene only)<\/li>\n<li><a href=\"http:\/\/cynnamoon.blogspot.mx\/2014\/07\/under-construction.html\" target=\"_blank\" rel=\"noopener noreferrer\"><em>UNDER CONSTRUCTION. Girl into Woman in Times of The Media<\/em><\/a> by Cynthia Granados, 2014<\/li>\n<li><a href=\"http:\/\/jelinektabu.univie.ac.at\/religion\/machtinstanz\/monika-leisch-kiesl\/\" target=\"_blank\" rel=\"noopener noreferrer\"><em>Die Kinder der Toten_MARIAZELL<\/em><\/a> by DDr. Monika Leisch-Kiesl, 2014 (German only) \/ <a href=\"http:\/\/www.vesna-bukovec.net\/eng\/archives\/1865\">about the text<\/a><\/li>\n<li><a href=\"http:\/\/www.vesna-bukovec.net\/eng\/texts\/vesna-bukovec-drawings\"><em>Vesna Bukovec: Risbe\/Drawings<\/em> by Vasja Nagy<\/a>, solo exhibition Vesna Bukovec: Risbe\/Drawings, April 2013<\/li>\n<li><a href=\"http:\/\/www.vesna-bukovec.net\/eng\/texts\/how-far-is-near\"><em>How far is near<\/em> by Jernej Ko\u017ear<\/a>, solo exhibition Art critics select: Vesna Bukovec, November 2011<\/li>\n<li><a href=\"http:\/\/www.vesna-bukovec.net\/eng\/texts\/clarity-is-everything-right-now\"><em>Clarity is everything right now<\/em> by Jernej Ko\u017ear<\/a>, solo exhibition Vesna Bukovec, Clarity is everything right now, 2010<\/li>\n<li><a href=\"http:\/\/www.vesna-bukovec.net\/eng\/texts\/minimal-differences\"><em>Minimal Differences<\/em> by Denise Carvalho<\/a>, catalogue of group exhibtion Minimal Differences, 2010<\/li>\n<li><a href=\"http:\/\/www.vesna-bukovec.net\/eng\/geography-of-identity-geography-of-art\"><em>Geography of Identity, Geography of Art<\/em> by Izabela Kopania<\/a>, catalogue of group exhibtion Minimal Differences, 2010<\/li>\n<li><a href=\"http:\/\/www.vesna-bukovec.net\/eng\/texts\/bukovec-vesna\"><em>Bukovec. Vesna.<\/em> by Ur\u0161ka Jurman<\/a>, catalogue of the exhibition U3 &#8211; 6th Triennial of Contemporary Art in Slovenia: An Idea for Living. Realism and Reality in Contemporary Art in Slovenia, Museum of Modern Art, Ljubljana, 2010<\/li>\n<li><a href=\"http:\/\/www.vesna-bukovec.net\/eng\/texts\/the-only-thing-under-my-control-is-my-attitude-towards-life\"><em>The only thing under my control is my attitude towards life<\/em> by Ur\u0161ka Jurman<\/a>, catalogue of solo exhibition Vesna Bukovec, The Only Thing I Can Control Is My Attitude Towards Life, 2009<\/li>\n<\/ul>\n","protected":false},"excerpt":{"rendered":"<p>Work in Progress. Deceptive Working Time, exhibition Vesna Bukovec and Ana \u010cigon: Work in Progress. Deceptive Working Time, 2025 Vesna Bukovec: A Different World Is Possible, by Bo\u0161tjan Sokli\u010d, solo exhibition Vesna Bukovec: A Different World Is Possible, 2024 Vesna Bukovec: And yet I do bother, by Nata\u0161a Kov\u0161ca, solo exhibition Vesna Bukovec: Vesna Bukovec: [&hellip;]<\/p>\n","protected":false},"author":1,"featured_media":0,"parent":0,"menu_order":6,"comment_status":"closed","ping_status":"closed","template":"","meta":[],"_links":{"self":[{"href":"https:\/\/www.vesna-bukovec.net\/eng\/wp-json\/wp\/v2\/pages\/941"}],"collection":[{"href":"https:\/\/www.vesna-bukovec.net\/eng\/wp-json\/wp\/v2\/pages"}],"about":[{"href":"https:\/\/www.vesna-bukovec.net\/eng\/wp-json\/wp\/v2\/types\/page"}],"author":[{"embeddable":true,"href":"https:\/\/www.vesna-bukovec.net\/eng\/wp-json\/wp\/v2\/users\/1"}],"replies":[{"embeddable":true,"href":"https:\/\/www.vesna-bukovec.net\/eng\/wp-json\/wp\/v2\/comments?post=941"}],"version-history":[{"count":58,"href":"https:\/\/www.vesna-bukovec.net\/eng\/wp-json\/wp\/v2\/pages\/941\/revisions"}],"predecessor-version":[{"id":3207,"href":"https:\/\/www.vesna-bukovec.net\/eng\/wp-json\/wp\/v2\/pages\/941\/revisions\/3207"}],"wp:attachment":[{"href":"https:\/\/www.vesna-bukovec.net\/eng\/wp-json\/wp\/v2\/media?parent=941"}],"curies":[{"name":"wp","href":"https:\/\/api.w.org\/{rel}","templated":true}]}}